{"id":2,"date":"2022-11-22T18:47:50","date_gmt":"2022-11-22T21:47:50","guid":{"rendered":"http:\/\/harika.com.br\/barras\/?page_id=2"},"modified":"2023-01-02T19:37:15","modified_gmt":"2023-01-02T22:37:15","slug":"pagina-exemplo","status":"publish","type":"page","link":"https:\/\/harika.com.br\/barras\/","title":{"rendered":"Barras de Access"},"content":{"rendered":"\n<p><strong>Por que Barras de Access \u00e9 capaz de mudar completamente a sua vida?<\/strong><\/p>\n\n\n\n<figure class=\"wp-block-image size-full\"><img loading=\"lazy\" decoding=\"async\" width=\"800\" height=\"169\" src=\"http:\/\/harika.com.br\/barras\/wp-content\/uploads\/2022\/11\/faixinha.jpg\" alt=\"\" class=\"wp-image-18\" srcset=\"https:\/\/harika.com.br\/barras\/wp-content\/uploads\/2022\/11\/faixinha.jpg 800w, https:\/\/harika.com.br\/barras\/wp-content\/uploads\/2022\/11\/faixinha-300x63.jpg 300w, https:\/\/harika.com.br\/barras\/wp-content\/uploads\/2022\/11\/faixinha-768x162.jpg 768w\" sizes=\"auto, (max-width: 800px) 100vw, 800px\" \/><\/figure>\n\n\n\n<p><br>Barras de Access \u00e9 uma ferramenta que age diretamente na sua mente e subconsciente, promovendo a dissolu\u00e7\u00e3o de cren\u00e7as limitantes, ressignificando traumas, revertendo pensamentos negativos, tornando sua mente leve, clara e calma. Livre de pensamentos acelerados, ansiedades, transtornos, e combatendo inclusive a depress\u00e3o. <\/p>\n\n\n\n<h2 class=\"wp-block-heading\"><strong>Compreenda os benef\u00edcios que &#8220;correr as barras&#8221; traz para o seu dia a dia:<\/strong><\/h2>\n\n\n\n<figure class=\"wp-block-image size-full\"><img loading=\"lazy\" decoding=\"async\" width=\"800\" height=\"169\" src=\"http:\/\/harika.com.br\/barras\/wp-content\/uploads\/2023\/01\/faixinha-2.jpg\" alt=\"\" class=\"wp-image-84\" srcset=\"https:\/\/harika.com.br\/barras\/wp-content\/uploads\/2023\/01\/faixinha-2.jpg 800w, https:\/\/harika.com.br\/barras\/wp-content\/uploads\/2023\/01\/faixinha-2-300x63.jpg 300w, https:\/\/harika.com.br\/barras\/wp-content\/uploads\/2023\/01\/faixinha-2-768x162.jpg 768w\" sizes=\"auto, (max-width: 800px) 100vw, 800px\" \/><\/figure>\n\n\n\n<p><\/p>\n\n\n\n<ul class=\"wp-block-list\">\n<li>Sua vida <mark style=\"background-color:#e3feff\" class=\"has-inline-color\">financeira <\/mark>se beneficia da elimina\u00e7\u00e3o de cren\u00e7as instaladas em seu subconsciente.<br><\/li>\n\n\n\n<li>Seus <mark style=\"background-color:#e3feff\" class=\"has-inline-color has-black-color\">relacionamentos <\/mark>melhoram na medida em que voc\u00ea compreende melhor as pessoas ao seu redor, suas motiva\u00e7\u00f5es e limita\u00e7\u00f5es. <br><\/li>\n\n\n\n<li>Sua<mark style=\"background-color:#e3feff\" class=\"has-inline-color\"> ansiedade e todos os males decorrentes<\/mark> dela diminuem, pois correr as barras desacelera mente e os pensamentos se tornam mais claros e calmos. <br><\/li>\n\n\n\n<li>Sua <mark style=\"background-color:#e3feff\" class=\"has-inline-color\">sa\u00fade f\u00edsica<\/mark> melhora, pois os processos de somatiza\u00e7\u00e3o s\u00e3o interrompidos diretamente em sua raiz, a mente desequilibrada. <br><\/li>\n\n\n\n<li>E tudo isso leva voc\u00ea a um estado natural de <mark style=\"background-color:#e3feff\" class=\"has-inline-color\">alta vibra\u00e7\u00e3o<\/mark>, <mark style=\"background-color:#e3feff\" class=\"has-inline-color\">sa\u00fade emocional<\/mark>, o que faz com que os problemas n\u00e3o sumam, mas fiquem menores sob uma nova perspectiva. <br><\/li>\n\n\n\n<li>O estado elevado vibracional traz alegria e<mark style=\"background-color:#e3feff\" class=\"has-inline-color\"> estado de presen\u00e7a, abastece suas energias, confere vitalidade e motiva\u00e7\u00e3o<\/mark>. <\/li>\n<\/ul>\n\n\n\n<h2 class=\"wp-block-heading\"><strong>E por que n\u00e3o? <\/strong><\/h2>\n\n\n\n<figure class=\"wp-block-image size-full\"><img loading=\"lazy\" decoding=\"async\" width=\"800\" height=\"169\" src=\"http:\/\/harika.com.br\/barras\/wp-content\/uploads\/2023\/01\/faixinha-cha.jpg\" alt=\"\" class=\"wp-image-89\" srcset=\"https:\/\/harika.com.br\/barras\/wp-content\/uploads\/2023\/01\/faixinha-cha.jpg 800w, https:\/\/harika.com.br\/barras\/wp-content\/uploads\/2023\/01\/faixinha-cha-300x63.jpg 300w, https:\/\/harika.com.br\/barras\/wp-content\/uploads\/2023\/01\/faixinha-cha-768x162.jpg 768w\" sizes=\"auto, (max-width: 800px) 100vw, 800px\" \/><\/figure>\n\n\n\n<p><\/p>\n\n\n\n<ul class=\"wp-block-list\">\n<li>N\u00e3o \u00e9 um processo que pode trazer efeitos colaterais, o m\u00e1ximo que podemos sentir s\u00e3o desconfortos ou pequenas dores de cabe\u00e7a nas primeiras aplica\u00e7\u00f5es, devido a grande carga de energia envolvida no processo. <br><\/li>\n\n\n\n<li>N\u00e3o \u00e9 uma terapia cara, pois o valor cobrado est\u00e1 associado apenas ao tempo do terapeuta e custos com local de trabalho, n\u00e3o envolvendo equipamentos, instrumentos, drogas, nem nada que possa onerar o procedimento. <br><\/li>\n\n\n\n<li>Hoje em dia voc\u00ea j\u00e1 encontra pr\u00f3ximo de voc\u00ea. H\u00e1 alguns anos era necess\u00e1rio viajar pra longe e gastar muita energia em busca de um profissional habilitado. Mas atualmente o m\u00e9todo se encontra mais difundido e ao alcance da maioria das pessoas. <br><\/li>\n\n\n\n<li><em><strong>N\u00e3o \u00e9 charlatanismo<\/strong><\/em>. A t\u00e9cnica come\u00e7ou a ser promovida em 1995 por Gary Douglas, autor e palestrante americano fundador da\u00a0<strong>Access<\/strong>\u00a0<strong>Consciousness<\/strong>, organiza\u00e7\u00e3o que promove pr\u00e1ticas de medicina alternativa, e \u00e9 hoje, consolidada em todo o mundo como uma ferramenta terap\u00eautica de grande relev\u00e2ncia no tratamento de traumas, limita\u00e7\u00f5es mentais, transtornos depressivos, desanimo e falta de prop\u00f3sito de vida. Voc\u00ea pode acessar o <a href=\"https:\/\/www.accessconsciousness.com\/pt-BR\/micrositesfolder\/accessbars\/\" target=\"_blank\" rel=\"noreferrer noopener\">site da Consciousness<\/a> e verificar voc\u00ea mesmo os depoimentos e estudos conduzidos em todo o mundo. <\/li>\n<\/ul>\n\n\n\n<h2 class=\"wp-block-heading\"><strong>Venha!<\/strong><\/h2>\n\n\n\n<figure class=\"wp-block-image size-full\"><img loading=\"lazy\" decoding=\"async\" width=\"800\" height=\"169\" src=\"http:\/\/harika.com.br\/barras\/wp-content\/uploads\/2023\/01\/faixinha-grama.jpg\" alt=\"\" class=\"wp-image-85\" srcset=\"https:\/\/harika.com.br\/barras\/wp-content\/uploads\/2023\/01\/faixinha-grama.jpg 800w, https:\/\/harika.com.br\/barras\/wp-content\/uploads\/2023\/01\/faixinha-grama-300x63.jpg 300w, https:\/\/harika.com.br\/barras\/wp-content\/uploads\/2023\/01\/faixinha-grama-768x162.jpg 768w\" sizes=\"auto, (max-width: 800px) 100vw, 800px\" \/><\/figure>\n\n\n\n<p>Marque sua sess\u00e3o de Barras de Access em Balne\u00e1rio Cambori\u00fa e experimente as mudan\u00e7as que acontecer\u00e3o de <em>dentro pra fora<\/em> do seu SER, em sua vida, em sua mente, em sua sa\u00fade, em seus relacionamentos e at\u00e9 em sua vida financeira.<\/p>\n\n\n\n<p>Dispomos de um lugar bem confort\u00e1vel para lhe atender, mas podemos ir at\u00e9 voc\u00ea, se preferir. A sess\u00e3o pode ser ao ar livre, na praia, em sua casa ou em outro local conveniente e onde voc\u00ea se sinta segura e se entregue!!<\/p>\n\n\n\n<hr class=\"wp-block-separator has-alpha-channel-opacity\"\/>\n\n\n\n<div class=\"wp-block-buttons is-content-justification-center is-layout-flex wp-container-core-buttons-is-layout-16018d1d wp-block-buttons-is-layout-flex\"><\/div>\n\n\n\n<p class=\"has-text-align-center\"><strong>Balne\u00e1rio Cambori\u00fa &#8211; SC<\/strong><\/p>\n\n\n\n<p class=\"has-text-align-center\">Agende seu hor\u00e1rio:<\/p>\n\n\n\n<div class=\"wp-block-buttons is-layout-flex wp-block-buttons-is-layout-flex\"><\/div>\n\n\n\n<p class=\"has-text-align-center has-text-color\" style=\"color:#0b6544\"><strong>Me chame no WhatsApp: <\/strong><\/p>\n\n\n<div class=\"wp-block-image\">\n<figure class=\"aligncenter size-full is-resized\"><a href=\"https:\/\/bit.ly\/barrasdeaccessbc\" target=\"_blank\" rel=\"noreferrer noopener\"><img loading=\"lazy\" decoding=\"async\" src=\"http:\/\/harika.com.br\/barras\/wp-content\/uploads\/2023\/01\/h_whats-65x65-1.png\" alt=\"\" class=\"wp-image-87\" width=\"65\" height=\"65\"\/><\/a><\/figure>\n<\/div>\n\n\n<p class=\"has-text-align-center\">Ou aponte sua c\u00e2mera para o QRcode<\/p>\n\n\n<div class=\"wp-block-image\">\n<figure class=\"aligncenter size-full is-resized\"><img loading=\"lazy\" decoding=\"async\" src=\"http:\/\/harika.com.br\/barras\/wp-content\/uploads\/2023\/01\/bit.ly_barrasdeaccessbc.png\" alt=\"\" class=\"wp-image-93\" width=\"107\" height=\"107\" srcset=\"https:\/\/harika.com.br\/barras\/wp-content\/uploads\/2023\/01\/bit.ly_barrasdeaccessbc.png 512w, https:\/\/harika.com.br\/barras\/wp-content\/uploads\/2023\/01\/bit.ly_barrasdeaccessbc-300x300.png 300w, https:\/\/harika.com.br\/barras\/wp-content\/uploads\/2023\/01\/bit.ly_barrasdeaccessbc-150x150.png 150w\" sizes=\"auto, (max-width: 107px) 100vw, 107px\" \/><\/figure>\n<\/div>\n\n\n<p><\/p>\n\n\n\n<p><\/p>\n\n\n<div class=\"wp-block-image\">\n<figure class=\"alignright size-full\"><img loading=\"lazy\" decoding=\"async\" width=\"272\" height=\"75\" src=\"http:\/\/harika.com.br\/barras\/wp-content\/uploads\/2022\/11\/access-logo.png\" alt=\"\" class=\"wp-image-34\"\/><\/figure>\n<\/div>","protected":false},"excerpt":{"rendered":"<p>Por que Barras de Access \u00e9 capaz de mudar completamente a sua vida? Barras de Access \u00e9 uma ferramenta que age diretamente na sua mente e subconsciente, promovendo a dissolu\u00e7\u00e3o de cren\u00e7as limitantes, ressignificando traumas, revertendo pensamentos negativos, tornando sua mente leve, clara e calma. Livre de pensamentos acelerados, ansiedades, transtornos, e combatendo inclusive a <a class=\"read-more\" href=\"https:\/\/harika.com.br\/barras\/\">READ MORE<\/a><\/p>\n","protected":false},"author":1,"featured_media":0,"parent":0,"menu_order":0,"comment_status":"closed","ping_status":"open","template":"","meta":{"footnotes":""},"class_list":["post-2","page","type-page","status-publish","hentry"],"_links":{"self":[{"href":"https:\/\/harika.com.br\/barras\/wp-json\/wp\/v2\/pages\/2","targetHints":{"allow":["GET"]}}],"collection":[{"href":"https:\/\/harika.com.br\/barras\/wp-json\/wp\/v2\/pages"}],"about":[{"href":"https:\/\/harika.com.br\/barras\/wp-json\/wp\/v2\/types\/page"}],"author":[{"embeddable":true,"href":"https:\/\/harika.com.br\/barras\/wp-json\/wp\/v2\/users\/1"}],"replies":[{"embeddable":true,"href":"https:\/\/harika.com.br\/barras\/wp-json\/wp\/v2\/comments?post=2"}],"version-history":[{"count":22,"href":"https:\/\/harika.com.br\/barras\/wp-json\/wp\/v2\/pages\/2\/revisions"}],"predecessor-version":[{"id":94,"href":"https:\/\/harika.com.br\/barras\/wp-json\/wp\/v2\/pages\/2\/revisions\/94"}],"wp:attachment":[{"href":"https:\/\/harika.com.br\/barras\/wp-json\/wp\/v2\/media?parent=2"}],"curies":[{"name":"wp","href":"https:\/\/api.w.org\/{rel}","templated":true}]}}